{"id":6,"date":"2023-02-18T14:20:33","date_gmt":"2023-02-18T13:20:33","guid":{"rendered":"https:\/\/ec20aniv.espuny.net\/?page_id=6"},"modified":"2023-04-30T01:19:55","modified_gmt":"2023-04-29T23:19:55","slug":"nosotros","status":"publish","type":"page","link":"https:\/\/ec20aniv.espuny.net\/fr\/","title":{"rendered":"Eva &amp; Christof"},"content":{"rendered":"<div id=\"cs-content\" class=\"cs-content\"><\/div>","protected":false},"excerpt":{"rendered":"<p>Nous nous sommes rencontr\u00e9s aux Pays-Bas en Erasmus, nous nous sommes embrass\u00e9s pour la premi\u00e8re fois lors d&#039;une soir\u00e9e \u00e9tudiante \u00e0 Delft, il y a 25 ans en juillet. Apr\u00e8s un certain temps, Eva a kidnapp\u00e9 Christof et l&#039;a emmen\u00e9 en Espagne. Nous avons v\u00e9cu nos premi\u00e8res ann\u00e9es \u00e0 S\u00e9ville, o\u00f9 en plus des processions et des foires, nous nous sommes lass\u00e9s de travailler. En 2002, le travail nous a emmen\u00e9s \u00e0 Madrid, \u2026 <a href=\"https:\/\/ec20aniv.espuny.net\/fr\/\" class=\"more-link\">En savoir plus<\/a><\/p>","protected":false},"author":1,"featured_media":0,"parent":0,"menu_order":0,"comment_status":"closed","ping_status":"closed","template":"template-blank-4.php","meta":[],"_links":{"self":[{"href":"https:\/\/ec20aniv.espuny.net\/fr\/wp-json\/wp\/v2\/pages\/6"}],"collection":[{"href":"https:\/\/ec20aniv.espuny.net\/fr\/wp-json\/wp\/v2\/pages"}],"about":[{"href":"https:\/\/ec20aniv.espuny.net\/fr\/wp-json\/wp\/v2\/types\/page"}],"author":[{"embeddable":true,"href":"https:\/\/ec20aniv.espuny.net\/fr\/wp-json\/wp\/v2\/users\/1"}],"replies":[{"embeddable":true,"href":"https:\/\/ec20aniv.espuny.net\/fr\/wp-json\/wp\/v2\/comments?post=6"}],"version-history":[{"count":21,"href":"https:\/\/ec20aniv.espuny.net\/fr\/wp-json\/wp\/v2\/pages\/6\/revisions"}],"predecessor-version":[{"id":218,"href":"https:\/\/ec20aniv.espuny.net\/fr\/wp-json\/wp\/v2\/pages\/6\/revisions\/218"}],"wp:attachment":[{"href":"https:\/\/ec20aniv.espuny.net\/fr\/wp-json\/wp\/v2\/media?parent=6"}],"curies":[{"name":"wp","href":"https:\/\/api.w.org\/{rel}","templated":true}]}}