{"id":8,"date":"2023-02-18T14:20:35","date_gmt":"2023-02-18T13:20:35","guid":{"rendered":"https:\/\/ec20aniv.espuny.net\/?page_id=8"},"modified":"2023-04-30T01:19:39","modified_gmt":"2023-04-29T23:19:39","slug":"contacto","status":"publish","type":"page","link":"https:\/\/ec20aniv.espuny.net\/de\/contacto\/","title":{"rendered":"Kontakt"},"content":{"rendered":"<div id=\"cs-content\" class=\"cs-content\"><\/div>","protected":false},"excerpt":{"rendered":"<p>Showtime!CONT\u00c1CTANOS Por favor, conf\u00edrmanos antes de Semana Santa si podemos contar contigo, cu\u00e1ntos acompa\u00f1antes traer\u00e1s y si asistir\u00e9is tambi\u00e9n a la copa de bienvenida del lunes y\/o al brunch del mi\u00e9rcoles.<\/p>","protected":false},"author":1,"featured_media":0,"parent":0,"menu_order":0,"comment_status":"closed","ping_status":"closed","template":"template-blank-1.php","meta":[],"_links":{"self":[{"href":"https:\/\/ec20aniv.espuny.net\/de\/wp-json\/wp\/v2\/pages\/8"}],"collection":[{"href":"https:\/\/ec20aniv.espuny.net\/de\/wp-json\/wp\/v2\/pages"}],"about":[{"href":"https:\/\/ec20aniv.espuny.net\/de\/wp-json\/wp\/v2\/types\/page"}],"author":[{"embeddable":true,"href":"https:\/\/ec20aniv.espuny.net\/de\/wp-json\/wp\/v2\/users\/1"}],"replies":[{"embeddable":true,"href":"https:\/\/ec20aniv.espuny.net\/de\/wp-json\/wp\/v2\/comments?post=8"}],"version-history":[{"count":17,"href":"https:\/\/ec20aniv.espuny.net\/de\/wp-json\/wp\/v2\/pages\/8\/revisions"}],"predecessor-version":[{"id":236,"href":"https:\/\/ec20aniv.espuny.net\/de\/wp-json\/wp\/v2\/pages\/8\/revisions\/236"}],"wp:attachment":[{"href":"https:\/\/ec20aniv.espuny.net\/de\/wp-json\/wp\/v2\/media?parent=8"}],"curies":[{"name":"wp","href":"https:\/\/api.w.org\/{rel}","templated":true}]}}