{"id":6,"date":"2023-02-18T14:20:33","date_gmt":"2023-02-18T13:20:33","guid":{"rendered":"https:\/\/ec20aniv.espuny.net\/?page_id=6"},"modified":"2023-04-30T01:19:55","modified_gmt":"2023-04-29T23:19:55","slug":"nosotros","status":"publish","type":"page","link":"https:\/\/ec20aniv.espuny.net\/de\/","title":{"rendered":"Eva &amp; Christof"},"content":{"rendered":"<div id=\"cs-content\" class=\"cs-content\"><\/div>","protected":false},"excerpt":{"rendered":"<p>Showtime! Wir haben uns im Erasmus-Programm in den Niederlanden kennengelernt und uns zum ersten Mal auf einer Studentenparty in Delft gek\u00fcsst, vor 25 Jahren im Juli. Nach einiger Zeit entf\u00fchrte Eva Christof und brachte ihn nach Spanien. Unsere ersten Jahre verbrachten wir in Sevilla, wo wir neben Prozessionen und Jahrm\u00e4rkten auch der Arbeit \u00fcberdr\u00fcssig wurden. Im Jahr 2002 f\u00fchrte uns die Arbeit nach Madrid, \u2026 <a href=\"https:\/\/ec20aniv.espuny.net\/de\/\" class=\"more-link\">Weiterlesen<\/a><\/p>","protected":false},"author":1,"featured_media":0,"parent":0,"menu_order":0,"comment_status":"closed","ping_status":"closed","template":"template-blank-4.php","meta":[],"_links":{"self":[{"href":"https:\/\/ec20aniv.espuny.net\/de\/wp-json\/wp\/v2\/pages\/6"}],"collection":[{"href":"https:\/\/ec20aniv.espuny.net\/de\/wp-json\/wp\/v2\/pages"}],"about":[{"href":"https:\/\/ec20aniv.espuny.net\/de\/wp-json\/wp\/v2\/types\/page"}],"author":[{"embeddable":true,"href":"https:\/\/ec20aniv.espuny.net\/de\/wp-json\/wp\/v2\/users\/1"}],"replies":[{"embeddable":true,"href":"https:\/\/ec20aniv.espuny.net\/de\/wp-json\/wp\/v2\/comments?post=6"}],"version-history":[{"count":21,"href":"https:\/\/ec20aniv.espuny.net\/de\/wp-json\/wp\/v2\/pages\/6\/revisions"}],"predecessor-version":[{"id":218,"href":"https:\/\/ec20aniv.espuny.net\/de\/wp-json\/wp\/v2\/pages\/6\/revisions\/218"}],"wp:attachment":[{"href":"https:\/\/ec20aniv.espuny.net\/de\/wp-json\/wp\/v2\/media?parent=6"}],"curies":[{"name":"wp","href":"https:\/\/api.w.org\/{rel}","templated":true}]}}